{"id":213,"date":"2020-01-04T14:49:08","date_gmt":"2020-01-04T13:49:08","guid":{"rendered":"https:\/\/anarchistburecross.noblogs.org\/?page_id=213"},"modified":"2020-01-04T14:49:08","modified_gmt":"2020-01-04T13:49:08","slug":"anarchist-bure-cross","status":"publish","type":"page","link":"https:\/\/anarchistburecross.noblogs.org\/de\/anarchist-bure-cross\/","title":{"rendered":"Anarchist Bure Cross"},"content":{"rendered":"<p align=\"justify\"><img loading=\"lazy\" decoding=\"async\" class=\"size-full wp-image-14 alignleft\" src=\"https:\/\/anarchistburecross.noblogs.org\/files\/2017\/01\/AnarBureCross.png\" alt=\"\" width=\"250\" height=\"246\" \/><\/p>\n<p>Anarchist Black Cross (ABC) ist ein selbstorganisiertes Netzwerk zur Unterst\u00fctzung von Gefangenen. Es wurde Anfang des 20.Jahrhunderts gegr\u00fcndet, um die zahlreichen anarchistischen Gefangenen in Russland zu unterst\u00fctzen.<\/p>\n<p>Seit dem hat sich das ABC zu einem Netzwerk aus vielen Gruppenentwickelt, die gemeinsame Grunds\u00e4tze teilen. Aufgrund einergrunds\u00e4tzlichen Kritik am bestehenden System hat sich dieSolidarit\u00e4tsarbeit auf alle Gefangenen ausgeweitet.Das ABC fordert die Abschaffung aller Kn\u00e4ste und allergesellschaftlichen auf Zwang und Strafe basierendenKontrollmechanismen. Derzeit liegt der Fokus auf der Solidarit\u00e4t mitGefangenen: Durch Briefe und Besuche die Isolation zu durchbrechen undeine Verbundenheit zu schaffen, durch Aktionen, Veranstaltungen undTexte Aufmerksamkeit auf die allgemeine Situation sowie aufEinzelpersonen in Kn\u00e4sten zu lenken. Au\u00dferdem wollen wir durchAustausch und Debatten zum Thema Knast und Gefangene eineGrundsatzdiskussion provozieren.<\/p>\n<p><strong>Anarchist Bure Cross?<\/strong><\/p>\n<p>In Zeiten in denen sich die juristischen Konsequenzen der Aktionen inBure immer klarer abzeichnen; in denen die Repression gegen sozialeBewegungen in Frankreich bereits 30 Leute in den Knast gebracht haben;indenen sich die franz\u00f6sische und europ\u00e4ische Immigration undSicherheitspolitik sich jeden Tag versch\u00e4rft, ist es dringend notwendigsich solidarisch zu organisieren um Repression entgegen zu treten.Die ohnehin \u00fcberf\u00fcllten Kn\u00e4ste werden durch immer h\u00e4rtere Urteileinsbesondere gegen Arme, Ausl\u00e4nder, Muslime und K\u00e4mpfende immer vollerund es werden bereits neue gebaut.<br \/>\nOb du f\u00fcr Wochen, Monate oder Jahre in den Knast kommst, h\u00e4ngt von demWillen eines Staatsanwalts oder Richters und der Aussage einesPolizisten gegen dich ab.<\/p>\n<p>W\u00e4hrend Schnellverfahren bereits allt\u00e4glich geworden sind fordern einigePolitiker unter dem Vorwand der Terrorismus-Bek\u00e4mpfung die Einf\u00fchrungvon Sondergerichten. Die Notstandsgesetze haben bereits die vollerepressive Wirkung von kurzen Prozessen gezeigt. Dutzende Menschenwurden in den Knast gesteckt oder unter Hausarrest gestellt.Die beklagenswerten Haftbedingungen und die verst\u00e4rktenIsolationsma\u00dfnahmen durch richterlichen Anordnungen auf Grund vonRadikalit\u00e4t, pr\u00e4gen die Haft um Leute zu zwingen sich an die Regeln zuhalten. Hier greift die Repression auf das Mittel der Isolation zur\u00fcck.Ob durch Hausarrest oder hinter Gittern, durch Abschreckung oderZwangsmechanismen, soziale Isolation zerst\u00f6rt die Psyche und den K\u00f6rper.Das wichtigste im Kampf gegen Kn\u00e4ste ist die Isolation zu brechen, dieMauern zu \u00fcberwinden und geduldig eine konstante Br\u00fccke zwischen denGefangenen und drau\u00dfen aufzubauen um eine Verbindung zwischen ihnen unddenen um uns herum zu kn\u00fcpfen.<\/p>\n<p>Wir wollen durch das Anarchist Bure Cross unseren Alltag, was wir lesenund schreiben mit den Gefangenen teilen. Au\u00dferdem wollen wir denGefangenen eine B\u00fchne geben ihre Gedanken und Gef\u00fchle zu teilen. Da wirdrau\u00dfen in unseren Bewegungen und Worten freier sind wollen wir gegendie Unterdr\u00fcckung in Kn\u00e4sten k\u00e4mpfen um jene zu unterst\u00fctzen die einensehr viel h\u00f6heren Preis daf\u00fcr zahlen.<\/p>\n<p>Wir sehen den Kampf gegen das Atomm\u00fcll-Lager als einen Kampf gegen daskapitalistische System. Als ABC wollen wir die allt\u00e4glichen, sozialenRepressionen nicht von unserem Kampf trennen, sondern alle Formen vonKnast, ob Abschiebeknast oder Strafhaft zusammen bek\u00e4mpfen. Polizei undJustiz arbeiten f\u00fcr das kapitalistische Systems, weshalb wir alleGefangenen als Gefangene dieses System unterst\u00fctzen wollen.<\/p>\n<p>Egal ob wir in eine Stadt mit hunderttausenden Einwohner_innen, Kn\u00e4sten,Abschiebekn\u00e4sten und tausenden Gefangenen leben oder in einem Dorf mit96 Bewohner_innen gerade einmal 100 km entfernt von rund 10 Kn\u00e4sten, dasstrafende System bleibt das gleiche.<\/p>\n<p>Ob in Bure oder anderswo wollen wir uns solidarisch mit allen Gefangenenzeigen und haben darum beschlossen das Anarchist Bure Cross ins Leben zurufen.<\/p>\n<p>Das Anarchist Bure Cross<br \/>\naburecross@riseup.net<\/p>\n<p align=\"right\">\n","protected":false},"excerpt":{"rendered":"<p>Anarchist Black Cross (ABC) ist ein selbstorganisiertes Netzwerk zur Unterst\u00fctzung von Gefangenen. Es wurde Anfang des 20.Jahrhunderts gegr\u00fcndet, um die zahlreichen anarchistischen Gefangenen in Russland zu unterst\u00fctzen. Seit dem hat sich das ABC zu einem Netzwerk aus vielen Gruppenentwickelt, die &hellip; <a href=\"https:\/\/anarchistburecross.noblogs.org\/de\/anarchist-bure-cross\/\">Weiterlesen <span class=\"meta-nav\">&rarr;<\/span><\/a><\/p>\n","protected":false},"author":11411,"featured_media":0,"parent":0,"menu_order":1,"comment_status":"closed","ping_status":"closed","template":"","meta":{"_locale":"de_DE","_original_post":"12","footnotes":""},"class_list":["post-213","page","type-page","status-publish","hentry","de-DE"],"_links":{"self":[{"href":"https:\/\/anarchistburecross.noblogs.org\/wp-json\/wp\/v2\/pages\/213","targetHints":{"allow":["GET"]}}],"collection":[{"href":"https:\/\/anarchistburecross.noblogs.org\/wp-json\/wp\/v2\/pages"}],"about":[{"href":"https:\/\/anarchistburecross.noblogs.org\/wp-json\/wp\/v2\/types\/page"}],"author":[{"embeddable":true,"href":"https:\/\/anarchistburecross.noblogs.org\/wp-json\/wp\/v2\/users\/11411"}],"replies":[{"embeddable":true,"href":"https:\/\/anarchistburecross.noblogs.org\/wp-json\/wp\/v2\/comments?post=213"}],"version-history":[{"count":1,"href":"https:\/\/anarchistburecross.noblogs.org\/wp-json\/wp\/v2\/pages\/213\/revisions"}],"predecessor-version":[{"id":214,"href":"https:\/\/anarchistburecross.noblogs.org\/wp-json\/wp\/v2\/pages\/213\/revisions\/214"}],"wp:attachment":[{"href":"https:\/\/anarchistburecross.noblogs.org\/wp-json\/wp\/v2\/media?parent=213"}],"curies":[{"name":"wp","href":"https:\/\/api.w.org\/{rel}","templated":true}]}}