{"id":129,"date":"2019-12-09T16:37:19","date_gmt":"2019-12-09T15:37:19","guid":{"rendered":"https:\/\/anarchistburecross.noblogs.org\/?page_id=129"},"modified":"2019-12-09T16:37:19","modified_gmt":"2019-12-09T15:37:19","slug":"anarchist-bure-cross","status":"publish","type":"page","link":"https:\/\/anarchistburecross.noblogs.org\/it\/anarchist-bure-cross\/","title":{"rendered":"Anarchist Bure Cross"},"content":{"rendered":"<p align=\"justify\"><span style=\"font-size: small\"><i>\u00ab\u00a0<\/i><\/span><span style=\"font-size: small\"><i>L\u2019ambito carcerale, giocando su tutto lo spessore del corpo sociale e mischiando incessantemente l\u2019arte del legittimare il diritto a punire, abbassa il livello a partire dal quale diventa naturale e accettabile l\u2019\u2019essere punito \u00bb<\/i><\/span><\/p>\n<p align=\"right\"><span style=\"font-size: small\"><i>Michel Foucault \u2013 Sorvegliare e Punire<br \/>\n<\/i><\/span><\/p>\n<p align=\"justify\"><img loading=\"lazy\" decoding=\"async\" class=\"size-full wp-image-14 alignleft\" src=\"https:\/\/anarchistburecross.noblogs.org\/files\/2017\/01\/AnarBureCross.png\" alt=\"\" width=\"250\" height=\"246\" \/><\/p>\n<p>L\u2019Anarchist Black Cross (ABC) \u00e8 una rete libertaria di sostegno ai prigionieri creatasi agli inizi del XX secolo con il sostegno di numerosi incarcerati anarchici in Russia.<br \/>\nDa allora l\u2019ABC si \u00e8 estesa, diventando una rete di gruppi che condividono qualche principio fondamentale e si \u00e8 allargata all\u2019insieme dei prigionieri.<\/p>\n<p>L\u2019ABC milita per l\u2019abolizione di tutte le prigioni e si oppoe a tutti i dispositivi sociali di controllo coercitivi e punitivi. Questa azione si manifesta in primis attraverso la solidariet\u00e0 con i prigionieri, rompendo l\u2019isolamento della galere creando un legame, per il mezzo degli scritti e delle visite, mobilizzandosi con delle azioni, eventi e testi riguardanti le situazioni individuali o collettive nelle prigioni e producendo delle riflessioni di fondo, suscitando dibattiti e scambi sulla questione carcerale e di prigionia.<\/p>\n<p align=\"justify\"><strong>Un Anarchist Bure Cross?<\/strong><\/p>\n<p>Mentre i seguiti giudiziari alle azioni di mobilitazione a Bure si intravedono all\u2019orizzone, che il movimento sociale contro la legge lavoro abbutisce a numerosi processi tra cui una trentina di persone con pene carcerarie, che la politica d\u2019immigrazione e il clima securitario si induriscono giorno per giorno nelle politiche portate avanti dai governi francesi ed europei, diviene essenziale organizzare la solidariet\u00e0 per contrastare questa repressione poliziesca e giudiziaria.<\/p>\n<p>Con pene sempre pi\u00f9 pesanti, evidentemente con caratteri politiche e repressive, che toccano i poveri, gli stranieri, i musulmani, i terreni di lotta, le galere non sono prossime alla chiusura, anzi sentiamo gi\u00e0 parlare di nuovi progetti di costruzione. Basta solo la vendetta di un procurore, un giudice, la parola di uno sbirro contro la propria per trovarsi dietro le sbarre qualche settimana, mese o anno. Attraverso il processo in direttissima (compatutions imm\u00e9diates), la giustizia sbrigativa si \u00e8 normalizzata e generalizzata, e alcuni politici, sotto la copertura del dispositivo anti-torrista, amerebbero rinvenire dei tribunali speciali, mentre che lo stato d\u2019urgenza a gi\u00e0 ampliamente dimostrato il carattere liberticida dei dispositivi di eccezione. Decine di persone si ritrovano cos\u00ec ogni giorno dietro le sbarre o rinchiuse in una casa.<\/p>\n<p>Le condizioni penose di incarcerazione nelle prigioni, la moltiplicazione dei dispositivi interni d\u2019isolamento per motivi di radicalit\u00e0 e le alternative alla pena carceraria che obbligano a una sottomisione senza sgarro al regolamento, sono altrettanto dei fattori che costituiscono la punizione e contribuiscono all\u2019isolamento. Una delle forze coercitive della repressione \u00e8 quello dell\u2019isolamento. Che la si sconti in carcere o dentro quattro mura, attraverso dispositivi di dissuasione o di obblighi, l\u2019isolamento sociale spezza lo spirito, strema il corpo.<\/p>\n<p>Lottare contro la prigionia vuol dire rompere questo isolamento, attraversare i muri e costruire pazientemente un ponte tra i prigionieri e noi, fare il legame tra loro e coloro che li sono intorno.<\/p>\n<p>Attraverso l\u2019Anarchist Bure Cross, noi vogliamo condividere i nostri quotidiani, le nostre letture, i nostri scritti con i prigionieri e fare eco ai pensieri e sentimenti di coloro che cono dietro le sbarre. Noi vogliamo anche lottare dal fuori contro quello che li comprime e opprime dentro, perch\u00e9 la lotta in carcere contro il carcere si paga a caro prezzo, a volte allungando la pena, e che noi siamo pi\u00f9 liberi di poterci muoverci, cos\u00ec come le nostre parole.<\/p>\n<p>l\u2019Anarchist Bure Cross deriva da una volont\u00e0 di legare la lotta alle sue conseguenze repressive, di non separare pi\u00e0 il terreno della lotta dal resto dello spazio sociale, di non dissociare detenzione e retenzione degli stranieri e di considerare che la lotta antinucleare \u00e8 in primo luogo una lotta anticapitalista e che i prigionieri del sistema attuale sono quelli di un sistema capitalista, al servizio del quale operano polizia e giustizia.<\/p>\n<p>Che sia in una citt\u00e0 di centinaia di migliaia di abitanti con le sue galere, i suoi centri di retenzione e i suoi migliaia di prigionieri, o in un villaggio di 96 abitanti a 100 km delle decine di prigioni, i prigionieri e il sistema che li imprigiona sono gli stessi.<\/p>\n<p>A Bure come altrove, vogliamo essere il tramite di una solidariet\u00e0 ai prigionieri, e abbiamo deciso per questa ragione di creare l\u2019Anarchist Bure Cross.<\/p>\n<p align=\"justify\">Anarchist Bure Cross<\/p>\n<p align=\"justify\"><a href=\"mailto:aburecross@riseup.net\">aburecross@riseup.net<\/a><\/p>\n<p align=\"right\">\n","protected":false},"excerpt":{"rendered":"<p>\u00ab\u00a0L\u2019ambito carcerale, giocando su tutto lo spessore del corpo sociale e mischiando incessantemente l\u2019arte del legittimare il diritto a punire, abbassa il livello a partire dal quale diventa naturale e accettabile l\u2019\u2019essere punito \u00bb Michel Foucault \u2013 Sorvegliare e Punire &hellip; <a href=\"https:\/\/anarchistburecross.noblogs.org\/it\/anarchist-bure-cross\/\">Continua a leggere<span class=\"meta-nav\">&rarr;<\/span><\/a><\/p>\n","protected":false},"author":11411,"featured_media":0,"parent":0,"menu_order":1,"comment_status":"closed","ping_status":"closed","template":"","meta":{"_locale":"it_IT","_original_post":"12","footnotes":""},"class_list":["post-129","page","type-page","status-publish","hentry","it-IT"],"_links":{"self":[{"href":"https:\/\/anarchistburecross.noblogs.org\/wp-json\/wp\/v2\/pages\/129","targetHints":{"allow":["GET"]}}],"collection":[{"href":"https:\/\/anarchistburecross.noblogs.org\/wp-json\/wp\/v2\/pages"}],"about":[{"href":"https:\/\/anarchistburecross.noblogs.org\/wp-json\/wp\/v2\/types\/page"}],"author":[{"embeddable":true,"href":"https:\/\/anarchistburecross.noblogs.org\/wp-json\/wp\/v2\/users\/11411"}],"replies":[{"embeddable":true,"href":"https:\/\/anarchistburecross.noblogs.org\/wp-json\/wp\/v2\/comments?post=129"}],"version-history":[{"count":1,"href":"https:\/\/anarchistburecross.noblogs.org\/wp-json\/wp\/v2\/pages\/129\/revisions"}],"predecessor-version":[{"id":130,"href":"https:\/\/anarchistburecross.noblogs.org\/wp-json\/wp\/v2\/pages\/129\/revisions\/130"}],"wp:attachment":[{"href":"https:\/\/anarchistburecross.noblogs.org\/wp-json\/wp\/v2\/media?parent=129"}],"curies":[{"name":"wp","href":"https:\/\/api.w.org\/{rel}","templated":true}]}}